{"id":189,"date":"2024-12-18T10:47:28","date_gmt":"2024-12-18T09:47:28","guid":{"rendered":"https:\/\/sandraandreu.com\/?page_id=189"},"modified":"2025-01-16T10:02:17","modified_gmt":"2025-01-16T09:02:17","slug":"privacy-policy","status":"publish","type":"page","link":"https:\/\/sandraandreu.com\/es\/privacy-policy\/","title":{"rendered":"Pol\u00edtica de privacidad"},"content":{"rendered":"<div data-elementor-type=\"wp-page\" data-elementor-id=\"189\" class=\"elementor elementor-189\" data-elementor-post-type=\"page\">\n\t\t\t\t<section class=\"elementor-element elementor-element-fdaaba3 e-flex e-con-boxed e-con e-parent\" data-id=\"fdaaba3\" data-element_type=\"container\">\n\t\t\t\t\t<div class=\"e-con-inner\">\n\t\t<main class=\"elementor-element elementor-element-853e893 e-con-full e-flex e-con e-child\" data-id=\"853e893\" data-element_type=\"container\" data-settings=\"{&quot;background_background&quot;:&quot;classic&quot;}\">\n\t\t<div class=\"elementor-element elementor-element-327ffc6 e-con-full e-flex e-con e-child\" data-id=\"327ffc6\" data-element_type=\"container\">\n\t\t\t\t<div class=\"elementor-element elementor-element-1c248b1 elementor-widget elementor-widget-heading\" data-id=\"1c248b1\" data-element_type=\"widget\" data-widget_type=\"heading.default\">\n\t\t\t\t<div class=\"elementor-widget-container\">\n\t\t\t\t\t<h1 class=\"elementor-heading-title elementor-size-default\">Pol\u00edtica de privacidad <\/h1>\t\t\t\t<\/div>\n\t\t\t\t<\/div>\n\t\t\t\t<\/div>\n\t\t<div class=\"elementor-element elementor-element-f08d2c1 e-con-full e-flex e-con e-child\" data-id=\"f08d2c1\" data-element_type=\"container\">\n\t\t<div class=\"elementor-element elementor-element-1865019 e-con-full e-flex e-con e-child\" data-id=\"1865019\" data-element_type=\"container\">\n\t\t\t\t<div class=\"elementor-element elementor-element-fb0adee elementor-widget elementor-widget-heading\" data-id=\"fb0adee\" data-element_type=\"widget\" data-widget_type=\"heading.default\">\n\t\t\t\t<div class=\"elementor-widget-container\">\n\t\t\t\t\t<span class=\"elementor-heading-title elementor-size-default\">\u00daltima actualizaci\u00f3n: 8 de enero de 2025\n<\/span>\t\t\t\t<\/div>\n\t\t\t\t<\/div>\n\t\t\t\t<div class=\"elementor-element elementor-element-0427508 elementor-widget elementor-widget-heading\" data-id=\"0427508\" data-element_type=\"widget\" data-widget_type=\"heading.default\">\n\t\t\t\t<div class=\"elementor-widget-container\">\n\t\t\t\t\t<p class=\"elementor-heading-title elementor-size-default\">En sandraandreu.com, nos comprometemos a proteger y respetar su privacidad. Esta Pol\u00edtica de Privacidad explica c\u00f3mo recopilamos, usamos y protegemos sus datos personales cuando se pone en contacto con nosotros a trav\u00e9s de nuestro formulario de contacto.<\/p>\t\t\t\t<\/div>\n\t\t\t\t<\/div>\n\t\t\t\t<\/div>\n\t\t<div class=\"elementor-element elementor-element-2ea98da e-con-full e-flex e-con e-child\" data-id=\"2ea98da\" data-element_type=\"container\">\n\t\t\t\t<div class=\"elementor-element elementor-element-6076fff elementor-widget elementor-widget-heading\" data-id=\"6076fff\" data-element_type=\"widget\" data-widget_type=\"heading.default\">\n\t\t\t\t<div class=\"elementor-widget-container\">\n\t\t\t\t\t<h2 class=\"elementor-heading-title elementor-size-default\">1. Informaci\u00f3n que recopilamos<\/h2>\t\t\t\t<\/div>\n\t\t\t\t<\/div>\n\t\t\t\t<div class=\"elementor-element elementor-element-a3677e6 elementor-widget elementor-widget-heading\" data-id=\"a3677e6\" data-element_type=\"widget\" data-widget_type=\"heading.default\">\n\t\t\t\t<div class=\"elementor-widget-container\">\n\t\t\t\t\t<p class=\"elementor-heading-title elementor-size-default\">Recopilamos los siguientes datos personales a trav\u00e9s de nuestro formulario de contacto:<\/p>\t\t\t\t<\/div>\n\t\t\t\t<\/div>\n\t\t\t\t<div class=\"elementor-element elementor-element-56ef2f0 elementor-widget elementor-widget-text-editor\" data-id=\"56ef2f0\" data-element_type=\"widget\" data-widget_type=\"text-editor.default\">\n\t\t\t\t<div class=\"elementor-widget-container\">\n\t\t\t\t\t\t\t\t\t<ul><li style=\"font-weight: 400;\" aria-level=\"1\"><b>Nombre<\/b><\/li><li style=\"font-weight: 400;\" aria-level=\"1\"><b>Direcci\u00f3n de correo electr\u00f3nico<\/b><\/li><li style=\"font-weight: 400;\" aria-level=\"1\"><b>Nombre de la empresa<\/b><span style=\"font-weight: 400;\"> (opcional)<\/span><\/li><li style=\"font-weight: 400;\" aria-level=\"1\"><b>Asunto<\/b><\/li><li style=\"font-weight: 400;\" aria-level=\"1\"><b>Mensaje<\/b><\/li><\/ul>\t\t\t\t\t\t\t\t<\/div>\n\t\t\t\t<\/div>\n\t\t\t\t<div class=\"elementor-element elementor-element-7756774 elementor-widget elementor-widget-heading\" data-id=\"7756774\" data-element_type=\"widget\" data-widget_type=\"heading.default\">\n\t\t\t\t<div class=\"elementor-widget-container\">\n\t\t\t\t\t<p class=\"elementor-heading-title elementor-size-default\">Esta informaci\u00f3n es necesaria para responder a su consulta y, en su caso, discutir proyectos o colaboraciones futuras.<\/p>\t\t\t\t<\/div>\n\t\t\t\t<\/div>\n\t\t\t\t<\/div>\n\t\t<div class=\"elementor-element elementor-element-37194f7 e-con-full e-flex e-con e-child\" data-id=\"37194f7\" data-element_type=\"container\">\n\t\t\t\t<div class=\"elementor-element elementor-element-514f546 elementor-widget elementor-widget-heading\" data-id=\"514f546\" data-element_type=\"widget\" data-widget_type=\"heading.default\">\n\t\t\t\t<div class=\"elementor-widget-container\">\n\t\t\t\t\t<h2 class=\"elementor-heading-title elementor-size-default\">2. C\u00f3mo utilizamos su informaci\u00f3n<\/h2>\t\t\t\t<\/div>\n\t\t\t\t<\/div>\n\t\t\t\t<div class=\"elementor-element elementor-element-2004e28 elementor-widget elementor-widget-heading\" data-id=\"2004e28\" data-element_type=\"widget\" data-widget_type=\"heading.default\">\n\t\t\t\t<div class=\"elementor-widget-container\">\n\t\t\t\t\t<p class=\"elementor-heading-title elementor-size-default\">Los datos recopilados a trav\u00e9s del formulario de contacto se utilizan exclusivamente para:<\/p>\t\t\t\t<\/div>\n\t\t\t\t<\/div>\n\t\t\t\t<div class=\"elementor-element elementor-element-ba39099 elementor-widget elementor-widget-text-editor\" data-id=\"ba39099\" data-element_type=\"widget\" data-widget_type=\"text-editor.default\">\n\t\t\t\t<div class=\"elementor-widget-container\">\n\t\t\t\t\t\t\t\t\t<ul><li style=\"font-weight: 400;\" aria-level=\"1\"><span style=\"font-weight: 400;\">Responder a su consulta.<\/span><\/li><li style=\"font-weight: 400;\" aria-level=\"1\"><span style=\"font-weight: 400;\">Ponernos en contacto con usted respecto a proyectos o colaboraciones potenciales.<\/span><\/li><\/ul>\t\t\t\t\t\t\t\t<\/div>\n\t\t\t\t<\/div>\n\t\t\t\t<div class=\"elementor-element elementor-element-ed9bc0e elementor-widget elementor-widget-heading\" data-id=\"ed9bc0e\" data-element_type=\"widget\" data-widget_type=\"heading.default\">\n\t\t\t\t<div class=\"elementor-widget-container\">\n\t\t\t\t\t<p class=\"elementor-heading-title elementor-size-default\">No utilizamos sus datos con fines de marketing ni compartimos sus datos con terceros.<\/p>\t\t\t\t<\/div>\n\t\t\t\t<\/div>\n\t\t\t\t<\/div>\n\t\t<div class=\"elementor-element elementor-element-56136ca e-con-full e-flex e-con e-child\" data-id=\"56136ca\" data-element_type=\"container\">\n\t\t\t\t<div class=\"elementor-element elementor-element-e89fcca elementor-widget elementor-widget-heading\" data-id=\"e89fcca\" data-element_type=\"widget\" data-widget_type=\"heading.default\">\n\t\t\t\t<div class=\"elementor-widget-container\">\n\t\t\t\t\t<h2 class=\"elementor-heading-title elementor-size-default\">3. Retenci\u00f3n de datos<\/h2>\t\t\t\t<\/div>\n\t\t\t\t<\/div>\n\t\t\t\t<div class=\"elementor-element elementor-element-d23acad elementor-widget elementor-widget-heading\" data-id=\"d23acad\" data-element_type=\"widget\" data-widget_type=\"heading.default\">\n\t\t\t\t<div class=\"elementor-widget-container\">\n\t\t\t\t\t<p class=\"elementor-heading-title elementor-size-default\">Los datos recopilados se almacenan de manera segura y se conservan solo durante el tiempo necesario para procesar su consulta. Una vez que la consulta ha sido atendida, los datos pueden ser eliminados o archivados, pero no se retendr\u00e1n indefinidamente.<\/p>\t\t\t\t<\/div>\n\t\t\t\t<\/div>\n\t\t\t\t<\/div>\n\t\t<div class=\"elementor-element elementor-element-4215ccd e-con-full e-flex e-con e-child\" data-id=\"4215ccd\" data-element_type=\"container\">\n\t\t\t\t<div class=\"elementor-element elementor-element-959a620 elementor-widget elementor-widget-heading\" data-id=\"959a620\" data-element_type=\"widget\" data-widget_type=\"heading.default\">\n\t\t\t\t<div class=\"elementor-widget-container\">\n\t\t\t\t\t<h2 class=\"elementor-heading-title elementor-size-default\">4. Seguridad de los datos<\/h2>\t\t\t\t<\/div>\n\t\t\t\t<\/div>\n\t\t\t\t<div class=\"elementor-element elementor-element-5618050 elementor-widget elementor-widget-heading\" data-id=\"5618050\" data-element_type=\"widget\" data-widget_type=\"heading.default\">\n\t\t\t\t<div class=\"elementor-widget-container\">\n\t\t\t\t\t<p class=\"elementor-heading-title elementor-size-default\">Tomamos muy en serio la seguridad de sus datos personales. Implementamos medidas t\u00e9cnicas y organizativas para proteger sus datos contra accesos no autorizados, alteraciones o destrucci\u00f3n. Aunque tomamos todas las precauciones posibles, debe tener en cuenta que ning\u00fan m\u00e9todo de transmisi\u00f3n en internet es 100% seguro.<\/p>\t\t\t\t<\/div>\n\t\t\t\t<\/div>\n\t\t\t\t<\/div>\n\t\t<div class=\"elementor-element elementor-element-0d6d35a e-con-full e-flex e-con e-child\" data-id=\"0d6d35a\" data-element_type=\"container\">\n\t\t\t\t<div class=\"elementor-element elementor-element-f39716e elementor-widget elementor-widget-heading\" data-id=\"f39716e\" data-element_type=\"widget\" data-widget_type=\"heading.default\">\n\t\t\t\t<div class=\"elementor-widget-container\">\n\t\t\t\t\t<h2 class=\"elementor-heading-title elementor-size-default\">5. Sus derechos sobre sus datos<\/h2>\t\t\t\t<\/div>\n\t\t\t\t<\/div>\n\t\t\t\t<div class=\"elementor-element elementor-element-f283421 elementor-widget elementor-widget-heading\" data-id=\"f283421\" data-element_type=\"widget\" data-widget_type=\"heading.default\">\n\t\t\t\t<div class=\"elementor-widget-container\">\n\t\t\t\t\t<p class=\"elementor-heading-title elementor-size-default\">Usted tiene derecho a:<\/p>\t\t\t\t<\/div>\n\t\t\t\t<\/div>\n\t\t\t\t<div class=\"elementor-element elementor-element-cd32d39 elementor-widget elementor-widget-text-editor\" data-id=\"cd32d39\" data-element_type=\"widget\" data-widget_type=\"text-editor.default\">\n\t\t\t\t<div class=\"elementor-widget-container\">\n\t\t\t\t\t\t\t\t\t<ul><li style=\"font-weight: 400;\" aria-level=\"1\"><span style=\"font-weight: 400;\">Acceder a los datos personales que hemos recopilado.<\/span><\/li><li style=\"font-weight: 400;\" aria-level=\"1\"><span style=\"font-weight: 400;\">Solicitar correcciones de cualquier dato inexacto o incompleto.<\/span><\/li><li style=\"font-weight: 400;\" aria-level=\"1\"><span style=\"font-weight: 400;\">Solicitar la eliminaci\u00f3n de sus datos, siempre que no sea necesario para fines legales o contractuales.<\/span><\/li><\/ul>\t\t\t\t\t\t\t\t<\/div>\n\t\t\t\t<\/div>\n\t\t\t\t<div class=\"elementor-element elementor-element-e1da475 elementor-widget elementor-widget-text-editor\" data-id=\"e1da475\" data-element_type=\"widget\" data-widget_type=\"text-editor.default\">\n\t\t\t\t<div class=\"elementor-widget-container\">\n\t\t\t\t\t\t\t\t\t<p><span style=\"font-weight: 400;\">Si desea ejercer cualquiera de estos derechos, por favor, p\u00f3ngase en contacto con nosotros en <\/span><b>sandreum08@gmail.com.<\/b><\/p>\t\t\t\t\t\t\t\t<\/div>\n\t\t\t\t<\/div>\n\t\t\t\t<\/div>\n\t\t<div class=\"elementor-element elementor-element-ae6476c e-con-full e-flex e-con e-child\" data-id=\"ae6476c\" data-element_type=\"container\">\n\t\t\t\t<div class=\"elementor-element elementor-element-b6bcf46 elementor-widget elementor-widget-heading\" data-id=\"b6bcf46\" data-element_type=\"widget\" data-widget_type=\"heading.default\">\n\t\t\t\t<div class=\"elementor-widget-container\">\n\t\t\t\t\t<h2 class=\"elementor-heading-title elementor-size-default\">6. No compartimos datos con terceros<\/h2>\t\t\t\t<\/div>\n\t\t\t\t<\/div>\n\t\t\t\t<div class=\"elementor-element elementor-element-a90f3f6 elementor-widget elementor-widget-heading\" data-id=\"a90f3f6\" data-element_type=\"widget\" data-widget_type=\"heading.default\">\n\t\t\t\t<div class=\"elementor-widget-container\">\n\t\t\t\t\t<p class=\"elementor-heading-title elementor-size-default\">Nos comprometemos a no compartir sus datos personales con terceros sin su consentimiento. Los datos que proporcione a trav\u00e9s del formulario de contacto se utilizan solo para los fines descritos en esta pol\u00edtica.<\/p>\t\t\t\t<\/div>\n\t\t\t\t<\/div>\n\t\t\t\t<\/div>\n\t\t<div class=\"elementor-element elementor-element-c94c0bd e-con-full e-flex e-con e-child\" data-id=\"c94c0bd\" data-element_type=\"container\">\n\t\t\t\t<div class=\"elementor-element elementor-element-9ae1de2 elementor-widget elementor-widget-heading\" data-id=\"9ae1de2\" data-element_type=\"widget\" data-widget_type=\"heading.default\">\n\t\t\t\t<div class=\"elementor-widget-container\">\n\t\t\t\t\t<h2 class=\"elementor-heading-title elementor-size-default\">No usamos cookies<\/h2>\t\t\t\t<\/div>\n\t\t\t\t<\/div>\n\t\t\t\t<div class=\"elementor-element elementor-element-2df656f elementor-widget elementor-widget-heading\" data-id=\"2df656f\" data-element_type=\"widget\" data-widget_type=\"heading.default\">\n\t\t\t\t<div class=\"elementor-widget-container\">\n\t\t\t\t\t<p class=\"elementor-heading-title elementor-size-default\">En este momento, no utilizamos cookies en nuestro sitio web para recopilar informaci\u00f3n sobre los visitantes.<\/p>\t\t\t\t<\/div>\n\t\t\t\t<\/div>\n\t\t\t\t<\/div>\n\t\t<div class=\"elementor-element elementor-element-fa90b91 e-con-full e-flex e-con e-child\" data-id=\"fa90b91\" data-element_type=\"container\">\n\t\t\t\t<div class=\"elementor-element elementor-element-6f92219 elementor-widget elementor-widget-heading\" data-id=\"6f92219\" data-element_type=\"widget\" data-widget_type=\"heading.default\">\n\t\t\t\t<div class=\"elementor-widget-container\">\n\t\t\t\t\t<h2 class=\"elementor-heading-title elementor-size-default\">8. Cambios en la Pol\u00edtica<\/h2>\t\t\t\t<\/div>\n\t\t\t\t<\/div>\n\t\t\t\t<div class=\"elementor-element elementor-element-37db4d4 elementor-widget elementor-widget-heading\" data-id=\"37db4d4\" data-element_type=\"widget\" data-widget_type=\"heading.default\">\n\t\t\t\t<div class=\"elementor-widget-container\">\n\t\t\t\t\t<p class=\"elementor-heading-title elementor-size-default\">Podemos actualizar esta Pol\u00edtica de Privacidad de vez en cuando. Cualquier cambio ser\u00e1 publicado en esta p\u00e1gina, con la fecha de la \u00faltima actualizaci\u00f3n claramente indicada.<\/p>\t\t\t\t<\/div>\n\t\t\t\t<\/div>\n\t\t\t\t<div class=\"elementor-element elementor-element-a7e9b6f elementor-widget elementor-widget-text-editor\" data-id=\"a7e9b6f\" data-element_type=\"widget\" data-widget_type=\"text-editor.default\">\n\t\t\t\t<div class=\"elementor-widget-container\">\n\t\t\t\t\t\t\t\t\t<p><span style=\"font-weight: 400;\">Si tiene alguna pregunta o inquietud sobre c\u00f3mo manejamos sus datos personales, no dude en ponerse en contacto con nosotros en <\/span><b>sandreum08@gmail.com.<\/b><\/p>\t\t\t\t\t\t\t\t<\/div>\n\t\t\t\t<\/div>\n\t\t\t\t<\/div>\n\t\t\t\t<\/div>\n\t\t\t\t<\/main>\n\t\t\t\t\t<\/div>\n\t\t\t\t<\/section>\n\t\t\t\t<\/div>","protected":false},"excerpt":{"rendered":"<p>Privacy &amp; Policy Last updated: January 8, 2025 At sandraandreu.com, we are committed to protecting and respecting your privacy. This Privacy Policy explains how we collect, use, and safeguard your personal data when you contact us through our contact form. 1. Information We Collect We collect the following personal data through our contact form: Name [&hellip;]<\/p>","protected":false},"author":1,"featured_media":0,"parent":0,"menu_order":70,"comment_status":"closed","ping_status":"closed","template":"","meta":{"_acf_changed":false,"footnotes":""},"class_list":["post-189","page","type-page","status-publish","hentry"],"acf":[],"yoast_head":"<!-- This site is optimized with the Yoast SEO plugin v26.3 - https:\/\/yoast.com\/wordpress\/plugins\/seo\/ -->\n<title>Privacy &amp; Policy - Creative Designer Sandra Andreu<\/title>\n<meta name=\"robots\" content=\"index, follow, max-snippet:-1, max-image-preview:large, max-video-preview:-1\" \/>\n<link rel=\"canonical\" href=\"https:\/\/sandraandreu.com\/es\/privacy-policy\/\" \/>\n<meta property=\"og:locale\" content=\"es_ES\" \/>\n<meta property=\"og:type\" content=\"article\" \/>\n<meta property=\"og:title\" content=\"Privacy &amp; Policy - Creative Designer Sandra Andreu\" \/>\n<meta property=\"og:description\" content=\"Privacy &amp; Policy Last updated: January 8, 2025 At sandraandreu.com, we are committed to protecting and respecting your privacy. This Privacy Policy explains how we collect, use, and safeguard your personal data when you contact us through our contact form. 1. Information We Collect We collect the following personal data through our contact form: Name [&hellip;]\" \/>\n<meta property=\"og:url\" content=\"https:\/\/sandraandreu.com\/es\/privacy-policy\/\" \/>\n<meta property=\"og:site_name\" content=\"Creative Designer Sandra Andreu\" \/>\n<meta property=\"article:modified_time\" content=\"2025-01-16T09:02:17+00:00\" \/>\n<meta name=\"twitter:card\" content=\"summary_large_image\" \/>\n<meta name=\"twitter:label1\" content=\"Tiempo de lectura\" \/>\n\t<meta name=\"twitter:data1\" content=\"2 minutos\" \/>\n<script type=\"application\/ld+json\" class=\"yoast-schema-graph\">{\"@context\":\"https:\/\/schema.org\",\"@graph\":[{\"@type\":\"WebPage\",\"@id\":\"https:\/\/sandraandreu.com\/privacy-policy\/\",\"url\":\"https:\/\/sandraandreu.com\/privacy-policy\/\",\"name\":\"Privacy &amp; Policy - Creative Designer Sandra Andreu\",\"isPartOf\":{\"@id\":\"https:\/\/sandraandreu.com\/#website\"},\"datePublished\":\"2024-12-18T09:47:28+00:00\",\"dateModified\":\"2025-01-16T09:02:17+00:00\",\"breadcrumb\":{\"@id\":\"https:\/\/sandraandreu.com\/privacy-policy\/#breadcrumb\"},\"inLanguage\":\"es\",\"potentialAction\":[{\"@type\":\"ReadAction\",\"target\":[\"https:\/\/sandraandreu.com\/privacy-policy\/\"]}]},{\"@type\":\"BreadcrumbList\",\"@id\":\"https:\/\/sandraandreu.com\/privacy-policy\/#breadcrumb\",\"itemListElement\":[{\"@type\":\"ListItem\",\"position\":1,\"name\":\"Portada\",\"item\":\"https:\/\/sandraandreu.com\/\"},{\"@type\":\"ListItem\",\"position\":2,\"name\":\"Privacy &amp; Policy\"}]},{\"@type\":\"WebSite\",\"@id\":\"https:\/\/sandraandreu.com\/#website\",\"url\":\"https:\/\/sandraandreu.com\/\",\"name\":\"Creative Designer Sandra Andreu\",\"description\":\"Creative Design by Sandra Andreu | Graphic Design, Web, Editorial &amp; Photography\",\"potentialAction\":[{\"@type\":\"SearchAction\",\"target\":{\"@type\":\"EntryPoint\",\"urlTemplate\":\"https:\/\/sandraandreu.com\/?s={search_term_string}\"},\"query-input\":{\"@type\":\"PropertyValueSpecification\",\"valueRequired\":true,\"valueName\":\"search_term_string\"}}],\"inLanguage\":\"es\"}]}<\/script>\n<!-- \/ Yoast SEO plugin. -->","yoast_head_json":{"title":"Privacy &amp; Policy - Creative Designer Sandra Andreu","robots":{"index":"index","follow":"follow","max-snippet":"max-snippet:-1","max-image-preview":"max-image-preview:large","max-video-preview":"max-video-preview:-1"},"canonical":"https:\/\/sandraandreu.com\/es\/privacy-policy\/","og_locale":"es_ES","og_type":"article","og_title":"Privacy &amp; Policy - Creative Designer Sandra Andreu","og_description":"Privacy &amp; Policy Last updated: January 8, 2025 At sandraandreu.com, we are committed to protecting and respecting your privacy. This Privacy Policy explains how we collect, use, and safeguard your personal data when you contact us through our contact form. 1. Information We Collect We collect the following personal data through our contact form: Name [&hellip;]","og_url":"https:\/\/sandraandreu.com\/es\/privacy-policy\/","og_site_name":"Creative Designer Sandra Andreu","article_modified_time":"2025-01-16T09:02:17+00:00","twitter_card":"summary_large_image","twitter_misc":{"Tiempo de lectura":"2 minutos"},"schema":{"@context":"https:\/\/schema.org","@graph":[{"@type":"WebPage","@id":"https:\/\/sandraandreu.com\/privacy-policy\/","url":"https:\/\/sandraandreu.com\/privacy-policy\/","name":"Privacy &amp; Policy - Creative Designer Sandra Andreu","isPartOf":{"@id":"https:\/\/sandraandreu.com\/#website"},"datePublished":"2024-12-18T09:47:28+00:00","dateModified":"2025-01-16T09:02:17+00:00","breadcrumb":{"@id":"https:\/\/sandraandreu.com\/privacy-policy\/#breadcrumb"},"inLanguage":"es","potentialAction":[{"@type":"ReadAction","target":["https:\/\/sandraandreu.com\/privacy-policy\/"]}]},{"@type":"BreadcrumbList","@id":"https:\/\/sandraandreu.com\/privacy-policy\/#breadcrumb","itemListElement":[{"@type":"ListItem","position":1,"name":"Portada","item":"https:\/\/sandraandreu.com\/"},{"@type":"ListItem","position":2,"name":"Privacy &amp; Policy"}]},{"@type":"WebSite","@id":"https:\/\/sandraandreu.com\/#website","url":"https:\/\/sandraandreu.com\/","name":"Creative Designer Sandra Andreu","description":"Creative Design by Sandra Andreu | Graphic Design, Web, Editorial &amp; Photography","potentialAction":[{"@type":"SearchAction","target":{"@type":"EntryPoint","urlTemplate":"https:\/\/sandraandreu.com\/?s={search_term_string}"},"query-input":{"@type":"PropertyValueSpecification","valueRequired":true,"valueName":"search_term_string"}}],"inLanguage":"es"}]}},"_links":{"self":[{"href":"https:\/\/sandraandreu.com\/es\/wp-json\/wp\/v2\/pages\/189","targetHints":{"allow":["GET"]}}],"collection":[{"href":"https:\/\/sandraandreu.com\/es\/wp-json\/wp\/v2\/pages"}],"about":[{"href":"https:\/\/sandraandreu.com\/es\/wp-json\/wp\/v2\/types\/page"}],"author":[{"embeddable":true,"href":"https:\/\/sandraandreu.com\/es\/wp-json\/wp\/v2\/users\/1"}],"replies":[{"embeddable":true,"href":"https:\/\/sandraandreu.com\/es\/wp-json\/wp\/v2\/comments?post=189"}],"version-history":[{"count":26,"href":"https:\/\/sandraandreu.com\/es\/wp-json\/wp\/v2\/pages\/189\/revisions"}],"predecessor-version":[{"id":1984,"href":"https:\/\/sandraandreu.com\/es\/wp-json\/wp\/v2\/pages\/189\/revisions\/1984"}],"wp:attachment":[{"href":"https:\/\/sandraandreu.com\/es\/wp-json\/wp\/v2\/media?parent=189"}],"curies":[{"name":"wp","href":"https:\/\/api.w.org\/{rel}","templated":true}]}}